{"id":364408,"date":"2024-07-12T14:29:43","date_gmt":"2024-07-12T12:29:43","guid":{"rendered":"https:\/\/arffda.com\/?page_id=364408"},"modified":"2024-07-15T15:18:38","modified_gmt":"2024-07-15T13:18:38","slug":"test","status":"publish","type":"page","link":"https:\/\/arffda.com\/de\/test\/","title":{"rendered":"test"},"content":{"rendered":"<p>[et_pb_section fb_built=&#8220;1&#8243; admin_label=&#8220;Testimonial&#8220; _builder_version=&#8220;4.26.1&#8243; _module_preset=&#8220;default&#8220; background_color=&#8220;#222A35&#8243; positioning=&#8220;none&#8220; z_index=&#8220;-1&#8243; custom_margin=&#8220;||-20px||false|false&#8220; custom_margin_tablet=&#8220;&#8220; custom_margin_phone=&#8220;-59px||||false|false&#8220; custom_margin_last_edited=&#8220;on|phone&#8220; custom_padding=&#8220;43px||0px||false|false&#8220; hover_enabled=&#8220;0&#8243; border_color_right=&#8220;#FFFFFF&#8220; border_color_left=&#8220;#FFFFFF&#8220; border_width_right_tablet=&#8220;20px&#8220; border_width_right_phone=&#8220;0px&#8220; border_width_right_last_edited=&#8220;off|desktop&#8220; border_width_left_tablet=&#8220;0px&#8220; border_width_left_phone=&#8220;0px&#8220; border_width_left_last_edited=&#8220;on|phone&#8220; global_module=&#8220;364519&#8243; saved_tabs=&#8220;all&#8220; locked=&#8220;off&#8220; global_colors_info=&#8220;{}&#8220; sticky_enabled=&#8220;0&#8243;][et_pb_row column_structure=&#8220;1_4,3_4&#8243; _builder_version=&#8220;4.26.1&#8243; _module_preset=&#8220;default&#8220; background_color=&#8220;RGBA(255,255,255,0)&#8220; custom_margin_tablet=&#8220;&#8220; custom_margin_phone=&#8220;50px||0px||false|false&#8220; custom_margin_last_edited=&#8220;on|phone&#8220; custom_padding=&#8220;0px||0px||false|false&#8220; animation_style=&#8220;fade&#8220; animation_duration=&#8220;1500ms&#8220; hover_enabled=&#8220;0&#8243; global_colors_info=&#8220;{}&#8220; sticky_enabled=&#8220;0&#8243;][et_pb_column type=&#8220;1_4&#8243; _builder_version=&#8220;4.21.0&#8243; _module_preset=&#8220;default&#8220; global_colors_info=&#8220;{}&#8220;][et_pb_image src=&#8220;https:\/\/arffda.com\/wp-content\/uploads\/2023\/04\/20230419_154421556_iOS.jpg&#8220; title_text=&#8220;20230419_154421556_iOS&#8220; align_tablet=&#8220;center&#8220; align_phone=&#8220;center&#8220; align_last_edited=&#8220;on|tablet&#8220; _builder_version=&#8220;4.21.0&#8243; _module_preset=&#8220;default&#8220; width=&#8220;76%&#8220; width_tablet=&#8220;25%&#8220; width_phone=&#8220;45%&#8220; width_last_edited=&#8220;on|tablet&#8220; border_radii=&#8220;on|200px|200px|200px|200px&#8220; global_colors_info=&#8220;{}&#8220;][\/et_pb_image][\/et_pb_column][et_pb_column type=&#8220;3_4&#8243; _builder_version=&#8220;4.21.0&#8243; _module_preset=&#8220;default&#8220; global_colors_info=&#8220;{}&#8220;][et_pb_text _builder_version=&#8220;4.21.0&#8243; _module_preset=&#8220;default&#8220; text_font=&#8220;Myriad Pro||||||||&#8220; text_text_color=&#8220;#FFFFFF&#8220; text_font_size=&#8220;16px&#8220; custom_margin=&#8220;19px|-55px|||false|false&#8220; custom_margin_tablet=&#8220;19px|0px||0px|false|true&#8220; custom_margin_phone=&#8220;5px||||false|false&#8220; custom_margin_last_edited=&#8220;on|tablet&#8220; text_orientation_tablet=&#8220;center&#8220; text_orientation_phone=&#8220;center&#8220; text_orientation_last_edited=&#8220;on|tablet&#8220; global_colors_info=&#8220;{}&#8220;]<\/p>\n<p>&#8222;Als langj\u00e4hriger GFLF-Ausbilder war ich vom progressiven Trainingsansatz der ARFF Driving Academy und dem vorhandenen Potential \u00fcberrascht. Neue Impulse, ein durchdachtes und zielgerichtetes Training, vermittelt von erfahrenen Instruktoren.&#8220;<\/p>\n<p>[\/et_pb_text][et_pb_text _builder_version=&#8220;4.21.0&#8243; _module_preset=&#8220;default&#8220; text_font=&#8220;Myriad Pro||||||||&#8220; text_text_color=&#8220;#FFFFFF&#8220; header_3_font=&#8220;Anton||||||||&#8220; header_3_text_color=&#8220;#FFFFFF&#8220; text_orientation_tablet=&#8220;center&#8220; text_orientation_phone=&#8220;center&#8220; text_orientation_last_edited=&#8220;on|tablet&#8220; global_colors_info=&#8220;{}&#8220;]<\/p>\n<h3>Klaus-J\u00fcrgen Becker<\/h3>\n<p>Senior ARFF-Ausbilder Flughafenfeuerwehr Frankfurt am Main (Fraport AG)<\/p>\n<p>[\/et_pb_text][\/et_pb_column][\/et_pb_row][\/et_pb_section][et_pb_section fb_built=&#8220;1&#8243; admin_label=&#8220;Testimonial Schmid&#8220; _builder_version=&#8220;4.21.0&#8243; _module_preset=&#8220;default&#8220; background_color=&#8220;#222A35&#8243; positioning=&#8220;none&#8220; z_index=&#8220;1&#8243; custom_margin=&#8220;-25px||||false|false&#8220; custom_margin_tablet=&#8220;&#8220; custom_margin_phone=&#8220;0px||||false|false&#8220; custom_margin_last_edited=&#8220;on|phone&#8220; custom_padding=&#8220;0px||0px||false|false&#8220; border_color_right=&#8220;#FFFFFF&#8220; border_color_left=&#8220;#FFFFFF&#8220; border_width_right_tablet=&#8220;20px&#8220; border_width_right_phone=&#8220;0px&#8220; border_width_right_last_edited=&#8220;off|desktop&#8220; border_width_left_tablet=&#8220;0px&#8220; border_width_left_phone=&#8220;0px&#8220; border_width_left_last_edited=&#8220;on|phone&#8220; global_module=&#8220;364507&#8243; saved_tabs=&#8220;all&#8220; locked=&#8220;off&#8220; global_colors_info=&#8220;{}&#8220;][et_pb_row column_structure=&#8220;1_4,3_4&#8243; _builder_version=&#8220;4.26.1&#8243; _module_preset=&#8220;default&#8220; background_color=&#8220;RGBA(255,255,255,0)&#8220; animation_style=&#8220;fade&#8220; animation_duration=&#8220;1500ms&#8220; hover_enabled=&#8220;0&#8243; global_colors_info=&#8220;{}&#8220; custom_padding_last_edited=&#8220;on|tablet&#8220; custom_padding_tablet=&#8220;15px||45px||false|false&#8220; sticky_enabled=&#8220;0&#8243; custom_padding_phone=&#8220;15px||45px||false|false&#8220;][et_pb_column type=&#8220;1_4&#8243; _builder_version=&#8220;4.21.0&#8243; _module_preset=&#8220;default&#8220; global_colors_info=&#8220;{}&#8220;][et_pb_image src=&#8220;https:\/\/arffda.com\/wp-content\/uploads\/2024\/07\/CFR_CH_Hans_Schmid.jpg&#8220; title_text=&#8220;CFR_CH_Hans_Schmid&#8220; align_tablet=&#8220;center&#8220; align_phone=&#8220;center&#8220; align_last_edited=&#8220;on|tablet&#8220; _builder_version=&#8220;4.26.1&#8243; _module_preset=&#8220;default&#8220; width=&#8220;76%&#8220; width_tablet=&#8220;25%&#8220; width_phone=&#8220;45%&#8220; width_last_edited=&#8220;on|tablet&#8220; custom_padding=&#8220;46px||||false|false&#8220; hover_enabled=&#8220;0&#8243; border_radii=&#8220;on|200px|200px|200px|200px&#8220; global_colors_info=&#8220;{}&#8220; custom_padding_last_edited=&#8220;on|phone&#8220; custom_padding_phone=&#8220;15px||||false|false&#8220; sticky_enabled=&#8220;0&#8243; custom_padding_tablet=&#8220;46px||||false|false&#8220;][\/et_pb_image][\/et_pb_column][et_pb_column type=&#8220;3_4&#8243; _builder_version=&#8220;4.21.0&#8243; _module_preset=&#8220;default&#8220; background_color=&#8220;RGBA(255,255,255,0)&#8220; global_colors_info=&#8220;{}&#8220;][et_pb_text module_id=&#8220;Rezension&#8220; _builder_version=&#8220;4.21.0&#8243; _module_preset=&#8220;default&#8220; text_font=&#8220;Myriad Pro||||||||&#8220; text_text_color=&#8220;#FFFFFF&#8220; text_font_size=&#8220;16px&#8220; custom_margin=&#8220;19px|-55px|||false|false&#8220; custom_margin_tablet=&#8220;19px|0px||0px|false|true&#8220; custom_margin_phone=&#8220;5px||||false|false&#8220; custom_margin_last_edited=&#8220;on|tablet&#8220; text_orientation_tablet=&#8220;center&#8220; text_orientation_phone=&#8220;center&#8220; text_orientation_last_edited=&#8220;on|tablet&#8220; global_colors_info=&#8220;{}&#8220;]<\/p>\n<p>&#8222;<span data-contrast=\"auto\" xml:lang=\"DE-DE\" lang=\"DE-DE\" class=\"TextRun SCXW21587839 BCX4\"><span class=\"NormalTextRun SCXW21587839 BCX4\">Als Leiter der Flughafenfeuerwehren der Schweizer Luftwaffe gilt es f\u00fcr mich sicherzustellen, dass unsere Feuerwehrleute jederzeit schnell und zuverl\u00e4ssig mit unseren Flugfeldl\u00f6schfahrzeugen zur Stelle sind, um Leben zu retten und Sachwerte zu sch\u00fctzen. Das Fahren unserer bis zu 44 Tonnen schweren Fahrzeuge ist dabei eine bedeutende Herausforderung. Um unsere Einsatzfahrer bestm\u00f6glich zu unterst\u00fctzen, setzen wir auch auf das spezialisierte Training der ARFF <\/span><span class=\"NormalTextRun SpellingErrorV2Themed SCXW21587839 BCX4\">Driving<\/span><span class=\"NormalTextRun SCXW21587839 BCX4\"> Academy. Dieses Training \u00fcberzeugt durch die Vermittlung spezifischen Wissens und K\u00f6nnens zur Optimierung von Sicherheit und Leistungsf\u00e4higkeit. Der zus\u00e4tzliche Fokus auf das Schonen der Fahrzeuge bei gleichzeitig schnellstm\u00f6glicher Fahrweise l\u00e4sst positive Effekte auf die Fahrzeugverf\u00fcgbarkeit und die Reduktion der Unterhaltskosten erwarten. Besonders beeindruckt hat mich die datenbasierte Herangehensweise und das gemeinsam entwickelte hybride Trainingskonzept unter Nutzung unserer modernen <\/span><span class=\"NormalTextRun SpellingErrorV2Themed SCXW21587839 BCX4\">Simulatortechnik<\/span><span class=\"NormalTextRun SCXW21587839 BCX4\"> am CFR Campus <\/span><span class=\"NormalTextRun SpellingErrorV2Themed SCXW21587839 BCX4\">Ph\u00e9nix<\/span><span class=\"NormalTextRun SCXW21587839 BCX4\">, wodurch die Trainingseffizienz maximiert wird. Ich sehe das spezifische ARFF-Fahrertraining als wesentlichen Bestandteil einer zukunftsorientierten Aufstellung einer Flughafenfeuerwehr, insbesondere angesichts des Risikopotentials und der sinkenden Anzahl an Rekruten mit fahrtechnischer Vorbildung.<\/span><\/span>&#8222;<\/p>\n<p>[\/et_pb_text][dipi_reveal container_selector=&#8220;#Rezension&#8220; reveal_button_align=&#8220;left&#8220; less_button_text=&#8220;Weniger zeigen&#8220; less_container_height=&#8220;122px&#8220; more_button_text=&#8220;Mehr zeigen&#8220; more_v_offset=&#8220;-25px&#8220; use_overlay=&#8220;on&#8220; overlay_bg_use_color_gradient=&#8220;on&#8220; overlay_bg_color_gradient_stops=&#8220;rgba(255,255,255,0) 37%|#222a35 100%&#8220; reveal_button_align_tablet=&#8220;center&#8220; reveal_button_align_phone=&#8220;&#8220; reveal_button_align_last_edited=&#8220;on|tablet&#8220; more_v_offset_tablet=&#8220;&#8220; more_v_offset_phone=&#8220;10px&#8220; more_v_offset_last_edited=&#8220;on|phone&#8220; overlay_z_index_tablet=&#8220;&#8220; overlay_z_index_phone=&#8220;0&#8243; overlay_z_index_last_edited=&#8220;on|phone&#8220; overlay_bg_color_tablet=&#8220;&#8220; overlay_bg_color_phone=&#8220;&#8220; overlay_bg_color_last_edited=&#8220;on|phone&#8220; overlay_bg_use_color_gradient_phone=&#8220;on&#8220; overlay_bg_color_gradient_stops_phone=&#8220;rgba(255,255,255,0) 36%|#222a35 100%&#8220; _builder_version=&#8220;4.21.0&#8243; _module_preset=&#8220;default&#8220; custom_show_less_button=&#8220;on&#8220; show_less_button_text_size=&#8220;16px&#8220; show_less_button_text_color=&#8220;#FFFFFF&#8220; show_less_button_border_width=&#8220;1px&#8220; show_less_button_border_color=&#8220;#FFFFFF&#8220; show_less_button_use_icon=&#8220;off&#8220; custom_show_more_button=&#8220;on&#8220; show_more_button_text_size=&#8220;16px&#8220; show_more_button_text_color=&#8220;#FFFFFF&#8220; show_more_button_border_width=&#8220;1px&#8220; show_more_button_border_color=&#8220;#FFFFFF&#8220; show_more_button_font=&#8220;Antonio||||||||&#8220; show_more_button_use_icon=&#8220;off&#8220; show_more_button_custom_padding=&#8220;5px||7px||false|false&#8220; custom_margin=&#8220;0px||||false|false&#8220; custom_padding=&#8220;0px|0px||0px|false|false&#8220; global_colors_info=&#8220;{}&#8220;][\/dipi_reveal][et_pb_text _builder_version=&#8220;4.21.0&#8243; _module_preset=&#8220;default&#8220; text_font=&#8220;Myriad Pro||||||||&#8220; text_text_color=&#8220;#FFFFFF&#8220; header_3_font=&#8220;Anton||||||||&#8220; header_3_text_color=&#8220;#FFFFFF&#8220; text_orientation_tablet=&#8220;center&#8220; text_orientation_phone=&#8220;center&#8220; text_orientation_last_edited=&#8220;on|tablet&#8220; global_colors_info=&#8220;{}&#8220;]<\/p>\n<h3><span class=\"NormalTextRun SpellingErrorV2Themed SpellingErrorHighlight SCXW5805338 BCX4\">Lt<\/span><span class=\"NormalTextRun SCXW5805338 BCX4\"> Col Hans Schmid<\/span><\/h3>\n<p><span data-contrast=\"auto\" xml:lang=\"DE-DE\" lang=\"DE-DE\" class=\"TextRun SCXW102008413 BCX4\"><span class=\"NormalTextRun SCXW102008413 BCX4\">Leiter Crash and <\/span><span class=\"NormalTextRun SpellingErrorV2Themed SpellingErrorHighlight SCXW102008413 BCX4\">Fire<\/span><span class=\"NormalTextRun SCXW102008413 BCX4\"> Rescue und Brandausbildungszentrum Schweizer Luftwaffe<\/span><\/span><span class=\"EOP SCXW102008413 BCX4\" data-ccp-props=\"{&quot;201341983&quot;:0,&quot;335559739&quot;:200,&quot;335559740&quot;:276}\">\u00a0<\/span><\/p>\n<p>[\/et_pb_text][\/et_pb_column][\/et_pb_row][\/et_pb_section]<\/p>\n","protected":false},"excerpt":{"rendered":"<p>&#8222;Als langj\u00e4hriger GFLF-Ausbilder war ich vom progressiven Trainingsansatz der ARFF Driving Academy und dem vorhandenen Potential \u00fcberrascht. Neue Impulse, ein durchdachtes und zielgerichtetes Training, vermittelt von erfahrenen Instruktoren.&#8220;Klaus-J\u00fcrgen Becker Senior ARFF-Ausbilder Flughafenfeuerwehr Frankfurt am Main (Fraport AG)&#8220;Als Leiter der Flughafenfeuerwehren der Schweizer Luftwaffe gilt es f\u00fcr mich sicherzustellen, dass unsere Feuerwehrleute jederzeit schnell und zuverl\u00e4ssig [&hellip;]<\/p>\n","protected":false},"author":1,"featured_media":0,"parent":0,"menu_order":0,"comment_status":"closed","ping_status":"closed","template":"page-template-blank.php","meta":{"_et_pb_use_builder":"on","_et_pb_old_content":"","_et_gb_content_width":"","footnotes":""},"dipi_cpt_category":[],"class_list":["post-364408","page","type-page","status-publish","hentry"],"yoast_head":"<!-- This site is optimized with the Yoast SEO plugin v27.3 - https:\/\/yoast.com\/product\/yoast-seo-wordpress\/ -->\n<title>test - ARFF Driving Academy<\/title>\n<meta name=\"robots\" content=\"index, follow, max-snippet:-1, max-image-preview:large, max-video-preview:-1\" \/>\n<link rel=\"canonical\" href=\"https:\/\/arffda.com\/de\/test\/\" \/>\n<meta property=\"og:locale\" content=\"de_DE\" \/>\n<meta property=\"og:type\" content=\"article\" \/>\n<meta property=\"og:title\" content=\"test - ARFF Driving Academy\" \/>\n<meta property=\"og:description\" content=\"&quot;Als langj\u00e4hriger GFLF-Ausbilder war ich vom progressiven Trainingsansatz der ARFF Driving Academy und dem vorhandenen Potential \u00fcberrascht. Neue Impulse, ein durchdachtes und zielgerichtetes Training, vermittelt von erfahrenen Instruktoren.&quot;Klaus-J\u00fcrgen Becker Senior ARFF-Ausbilder Flughafenfeuerwehr Frankfurt am Main (Fraport AG)&quot;Als Leiter der Flughafenfeuerwehren der Schweizer Luftwaffe gilt es f\u00fcr mich sicherzustellen, dass unsere Feuerwehrleute jederzeit schnell und zuverl\u00e4ssig [&hellip;]\" \/>\n<meta property=\"og:url\" content=\"https:\/\/arffda.com\/de\/test\/\" \/>\n<meta property=\"og:site_name\" content=\"ARFF Driving Academy\" \/>\n<meta property=\"article:modified_time\" content=\"2024-07-15T13:18:38+00:00\" \/>\n<meta name=\"twitter:card\" content=\"summary_large_image\" \/>\n<script type=\"application\/ld+json\" class=\"yoast-schema-graph\">{\"@context\":\"https:\\\/\\\/schema.org\",\"@graph\":[{\"@type\":\"WebPage\",\"@id\":\"https:\\\/\\\/arffda.com\\\/de\\\/test\\\/\",\"url\":\"https:\\\/\\\/arffda.com\\\/de\\\/test\\\/\",\"name\":\"test - ARFF Driving Academy\",\"isPartOf\":{\"@id\":\"https:\\\/\\\/arffda.com\\\/de\\\/#website\"},\"datePublished\":\"2024-07-12T12:29:43+00:00\",\"dateModified\":\"2024-07-15T13:18:38+00:00\",\"breadcrumb\":{\"@id\":\"https:\\\/\\\/arffda.com\\\/de\\\/test\\\/#breadcrumb\"},\"inLanguage\":\"de\",\"potentialAction\":[{\"@type\":\"ReadAction\",\"target\":[\"https:\\\/\\\/arffda.com\\\/de\\\/test\\\/\"]}]},{\"@type\":\"BreadcrumbList\",\"@id\":\"https:\\\/\\\/arffda.com\\\/de\\\/test\\\/#breadcrumb\",\"itemListElement\":[{\"@type\":\"ListItem\",\"position\":1,\"name\":\"Startseite\",\"item\":\"https:\\\/\\\/arffda.com\\\/de\\\/\"},{\"@type\":\"ListItem\",\"position\":2,\"name\":\"test\"}]},{\"@type\":\"WebSite\",\"@id\":\"https:\\\/\\\/arffda.com\\\/de\\\/#website\",\"url\":\"https:\\\/\\\/arffda.com\\\/de\\\/\",\"name\":\"ARFF Driving Academy\",\"description\":\"\",\"potentialAction\":[{\"@type\":\"SearchAction\",\"target\":{\"@type\":\"EntryPoint\",\"urlTemplate\":\"https:\\\/\\\/arffda.com\\\/de\\\/?s={search_term_string}\"},\"query-input\":{\"@type\":\"PropertyValueSpecification\",\"valueRequired\":true,\"valueName\":\"search_term_string\"}}],\"inLanguage\":\"de\"}]}<\/script>\n<!-- \/ Yoast SEO plugin. -->","yoast_head_json":{"title":"test - ARFF Driving Academy","robots":{"index":"index","follow":"follow","max-snippet":"max-snippet:-1","max-image-preview":"max-image-preview:large","max-video-preview":"max-video-preview:-1"},"canonical":"https:\/\/arffda.com\/de\/test\/","og_locale":"de_DE","og_type":"article","og_title":"test - ARFF Driving Academy","og_description":"\"Als langj\u00e4hriger GFLF-Ausbilder war ich vom progressiven Trainingsansatz der ARFF Driving Academy und dem vorhandenen Potential \u00fcberrascht. Neue Impulse, ein durchdachtes und zielgerichtetes Training, vermittelt von erfahrenen Instruktoren.\"Klaus-J\u00fcrgen Becker Senior ARFF-Ausbilder Flughafenfeuerwehr Frankfurt am Main (Fraport AG)\"Als Leiter der Flughafenfeuerwehren der Schweizer Luftwaffe gilt es f\u00fcr mich sicherzustellen, dass unsere Feuerwehrleute jederzeit schnell und zuverl\u00e4ssig [&hellip;]","og_url":"https:\/\/arffda.com\/de\/test\/","og_site_name":"ARFF Driving Academy","article_modified_time":"2024-07-15T13:18:38+00:00","twitter_card":"summary_large_image","schema":{"@context":"https:\/\/schema.org","@graph":[{"@type":"WebPage","@id":"https:\/\/arffda.com\/de\/test\/","url":"https:\/\/arffda.com\/de\/test\/","name":"test - ARFF Driving Academy","isPartOf":{"@id":"https:\/\/arffda.com\/de\/#website"},"datePublished":"2024-07-12T12:29:43+00:00","dateModified":"2024-07-15T13:18:38+00:00","breadcrumb":{"@id":"https:\/\/arffda.com\/de\/test\/#breadcrumb"},"inLanguage":"de","potentialAction":[{"@type":"ReadAction","target":["https:\/\/arffda.com\/de\/test\/"]}]},{"@type":"BreadcrumbList","@id":"https:\/\/arffda.com\/de\/test\/#breadcrumb","itemListElement":[{"@type":"ListItem","position":1,"name":"Startseite","item":"https:\/\/arffda.com\/de\/"},{"@type":"ListItem","position":2,"name":"test"}]},{"@type":"WebSite","@id":"https:\/\/arffda.com\/de\/#website","url":"https:\/\/arffda.com\/de\/","name":"ARFF Driving Academy","description":"","potentialAction":[{"@type":"SearchAction","target":{"@type":"EntryPoint","urlTemplate":"https:\/\/arffda.com\/de\/?s={search_term_string}"},"query-input":{"@type":"PropertyValueSpecification","valueRequired":true,"valueName":"search_term_string"}}],"inLanguage":"de"}]}},"_links":{"self":[{"href":"https:\/\/arffda.com\/de\/wp-json\/wp\/v2\/pages\/364408","targetHints":{"allow":["GET"]}}],"collection":[{"href":"https:\/\/arffda.com\/de\/wp-json\/wp\/v2\/pages"}],"about":[{"href":"https:\/\/arffda.com\/de\/wp-json\/wp\/v2\/types\/page"}],"author":[{"embeddable":true,"href":"https:\/\/arffda.com\/de\/wp-json\/wp\/v2\/users\/1"}],"replies":[{"embeddable":true,"href":"https:\/\/arffda.com\/de\/wp-json\/wp\/v2\/comments?post=364408"}],"version-history":[{"count":10,"href":"https:\/\/arffda.com\/de\/wp-json\/wp\/v2\/pages\/364408\/revisions"}],"predecessor-version":[{"id":364747,"href":"https:\/\/arffda.com\/de\/wp-json\/wp\/v2\/pages\/364408\/revisions\/364747"}],"wp:attachment":[{"href":"https:\/\/arffda.com\/de\/wp-json\/wp\/v2\/media?parent=364408"}],"wp:term":[{"taxonomy":"dipi_cpt_category","embeddable":true,"href":"https:\/\/arffda.com\/de\/wp-json\/wp\/v2\/dipi_cpt_category?post=364408"}],"curies":[{"name":"wp","href":"https:\/\/api.w.org\/{rel}","templated":true}]}}